{"id":2633,"date":"2024-01-06T17:33:40","date_gmt":"2024-01-06T04:33:40","guid":{"rendered":"https:\/\/4amstudio.co.nz\/store\/?post_type=product&#038;p=2633"},"modified":"2025-11-19T06:24:30","modified_gmt":"2025-11-18T17:24:30","slug":"hand-drawn-kakapo-sticker","status":"publish","type":"product","link":"https:\/\/4amstudio.co.nz\/store\/product\/hand-drawn-kakapo-sticker\/","title":{"rendered":"Hand Drawn K\u0101k\u0101p\u014d Sticker"},"content":{"rendered":"<p>Hand Drawn K\u0101k\u0101p\u014d Sticker<\/p>\n<ul>\n<li>Made in house<\/li>\n<li>Printed on white gloss adhesive stock<\/li>\n<li>White border (on white gloss) around each design<\/li>\n<li>Original illustration<\/li>\n<li>Size: about 75mm (h)<\/li>\n<\/ul>\n<p>Original 4am illustration. The adhesive sticker stock is usually waterproof, but the waterproof effect is related to the printer and ink. NOT dishwasher safe.<\/p>\n<p>\u200bCertain colour\/s may appear slightly different in print compared to the computer monitor and the same may not come out the same every time it is printed.<\/p>\n","protected":false},"excerpt":{"rendered":"<p class=\"tx-excerpt\">Hand Drawn K\u0101k\u0101p\u014d Sticker\n\nMade in house\nPrinted on white gloss adhesive stock\nWhite border (on white gloss) around each design\nOriginal illustration\nSize: about 75mm (h)\n\nOriginal 4am illustration. The adhesive sticker stock is usually waterproof, but the waterproof effect...<\/p>","protected":false},"featured_media":4052,"template":"","meta":[],"product_brand":[],"product_cat":[49,244,296],"product_tag":[87,93,86],"class_list":{"0":"post-2633","1":"product","2":"type-product","3":"status-publish","4":"has-post-thumbnail","6":"product_cat-home-lifestyle","7":"product_cat-kiwiana","8":"product_cat-magnets-stickers","9":"product_tag-illustration","10":"product_tag-kiwiana","11":"product_tag-original","12":"product_shipping_class-small","14":"first","15":"instock","16":"shipping-taxable","17":"purchasable","18":"product-type-simple"},"_links":{"self":[{"href":"https:\/\/4amstudio.co.nz\/store\/wp-json\/wp\/v2\/product\/2633","targetHints":{"allow":["GET"]}}],"collection":[{"href":"https:\/\/4amstudio.co.nz\/store\/wp-json\/wp\/v2\/product"}],"about":[{"href":"https:\/\/4amstudio.co.nz\/store\/wp-json\/wp\/v2\/types\/product"}],"version-history":[{"count":2,"href":"https:\/\/4amstudio.co.nz\/store\/wp-json\/wp\/v2\/product\/2633\/revisions"}],"predecessor-version":[{"id":4269,"href":"https:\/\/4amstudio.co.nz\/store\/wp-json\/wp\/v2\/product\/2633\/revisions\/4269"}],"wp:featuredmedia":[{"embeddable":true,"href":"https:\/\/4amstudio.co.nz\/store\/wp-json\/wp\/v2\/media\/4052"}],"wp:attachment":[{"href":"https:\/\/4amstudio.co.nz\/store\/wp-json\/wp\/v2\/media?parent=2633"}],"wp:term":[{"taxonomy":"product_brand","embeddable":true,"href":"https:\/\/4amstudio.co.nz\/store\/wp-json\/wp\/v2\/product_brand?post=2633"},{"taxonomy":"product_cat","embeddable":true,"href":"https:\/\/4amstudio.co.nz\/store\/wp-json\/wp\/v2\/product_cat?post=2633"},{"taxonomy":"product_tag","embeddable":true,"href":"https:\/\/4amstudio.co.nz\/store\/wp-json\/wp\/v2\/product_tag?post=2633"}],"curies":[{"name":"wp","href":"https:\/\/api.w.org\/{rel}","templated":true}]}}